{"id":269,"date":"2022-10-19T00:43:16","date_gmt":"2022-10-19T03:43:16","guid":{"rendered":"http:\/\/34.205.247.19\/?page_id=269"},"modified":"2022-10-19T00:47:22","modified_gmt":"2022-10-19T03:47:22","slug":"insumos","status":"publish","type":"page","link":"https:\/\/agropat.cl\/en\/insumos\/","title":{"rendered":"Supplies"},"content":{"rendered":"<div data-colibri-id=\"269-c1\" class=\"style-569 style-local-269-c1 position-relative\">\n  <!---->\n  <div data-colibri-component=\"section\" data-colibri-id=\"269-c16\" id=\"about\" class=\"h-section h-section-global-spacing d-flex align-items-lg-center align-items-md-center align-items-center style-579 style-local-269-c16 position-relative\">\n    <!---->\n    <!---->\n    <div class=\"h-section-grid-container h-section-boxed-container\">\n      <!---->\n      <div data-colibri-id=\"269-c17\" class=\"h-row-container gutters-row-lg-0 gutters-row-md-0 gutters-row-0 gutters-row-v-lg-0 gutters-row-v-md-0 gutters-row-v-0 style-580 style-local-269-c17 position-relative\">\n        <!---->\n        <div class=\"h-row justify-content-lg-center justify-content-md-center justify-content-center align-items-lg-stretch align-items-md-stretch align-items-stretch gutters-col-lg-0 gutters-col-md-0 gutters-col-0 gutters-col-v-lg-0 gutters-col-v-md-0 gutters-col-v-0\">\n          <!---->\n          <div class=\"h-column h-column-container d-flex h-col-lg-auto h-col-md-auto h-col-auto style-581-outer style-local-269-c18-outer\">\n            <div data-colibri-id=\"269-c18\" class=\"d-flex h-flex-basis h-column__inner h-px-lg-0 h-px-md-0 h-px-0 v-inner-lg-0 v-inner-md-0 v-inner-0 style-581 style-local-269-c18 position-relative\">\n              <!---->\n              <!---->\n              <div class=\"w-100 h-y-container h-column__content h-column__v-align flex-basis-100 align-self-lg-start align-self-md-start align-self-start\">\n                <!---->\n                <div data-colibri-id=\"269-c20\" class=\"h-global-transition-all h-heading style-583 style-local-269-c20 position-relative h-element\">\n                  <!---->\n                  <div class=\"h-heading__outer style-583 style-local-269-c20\">\n                    <!---->\n                    <!---->\n                    <h2 class=\"\">Supplies and Equipment<\/h2>\n                  <\/div>\n                <\/div>\n                <div data-colibri-id=\"269-c21\" class=\"h-text h-text-component style-584 style-local-269-c21 position-relative h-element\">\n                  <!---->\n                  <!---->\n                  <div class=\"\">\n                    <p>Agrologistica Patagonia is a business unit born from the need to offer our suppliers the inputs for the shearing process.<\/p>\n                    <p><strong>Shearing supplies<\/strong><\/p>\n                    <ul>\n                      <li>Bolsones laneros<\/li>\n                      <li>Zunchos pl\u00e1sticos<\/li>\n                      <li>Sellos<\/li>\n                      <li>M\u00e1quinas selladoras<\/li>\n                    <\/ul>\n                    <p><strong>Equipment<\/strong><\/p>\n                    <ul>\n                      <li>Motores de esquila con bajada flexible<\/li>\n                      <li>Hydraulic presses (8 and 15 tons of pressure)<\/li>\n                      <li>Correa inmovilizadora para ovinos<\/li>\n                    <\/ul>\n                    <p>\n                      <br>\n                    <\/p>\n                  <\/div>\n                <\/div>\n              <\/div>\n            <\/div>\n          <\/div>\n          <div class=\"h-column h-column-container d-flex h-col-lg-auto h-col-md-auto h-col-auto style-585-outer style-local-269-c22-outer\">\n            <div data-colibri-id=\"269-c22\" class=\"d-flex h-flex-basis h-column__inner h-ui-empty-state-container h-px-lg-2 h-px-md-2 h-px-2 v-inner-lg-2 v-inner-md-2 v-inner-2 style-585 style-local-269-c22 position-relative\">\n              <!---->\n              <!---->\n              <div class=\"w-100 h-y-container h-column__content h-column__v-align flex-basis-100\">\n                <!---->\n              <\/div>\n            <\/div>\n          <\/div>\n        <\/div>\n      <\/div>\n    <\/div>\n  <\/div>\n<\/div>","protected":false},"excerpt":{"rendered":"<p>Insumos y Equipos Agrolog\u00edstica Patagonia es una unidad de negocios que nace de la necesidad de ofrecer a nuestros proveedores los insumos para el proceso de esquila. En la actualidad disponemos de los siguientes productos: Insumos para la esquila Bolsones laneros Zunchos pl\u00e1sticos Sellos M\u00e1quinas selladoras Equipos Motores de esquila con bajada flexible Prensas hidr\u00e1ulicas [&hellip;]<\/p>","protected":false},"author":1,"featured_media":0,"parent":0,"menu_order":0,"comment_status":"closed","ping_status":"closed","template":"page-templates\/full-width-page.php","meta":{"footnotes":""},"class_list":["post-269","page","type-page","status-publish","hentry"],"_links":{"self":[{"href":"https:\/\/agropat.cl\/en\/wp-json\/wp\/v2\/pages\/269","targetHints":{"allow":["GET"]}}],"collection":[{"href":"https:\/\/agropat.cl\/en\/wp-json\/wp\/v2\/pages"}],"about":[{"href":"https:\/\/agropat.cl\/en\/wp-json\/wp\/v2\/types\/page"}],"author":[{"embeddable":true,"href":"https:\/\/agropat.cl\/en\/wp-json\/wp\/v2\/users\/1"}],"replies":[{"embeddable":true,"href":"https:\/\/agropat.cl\/en\/wp-json\/wp\/v2\/comments?post=269"}],"version-history":[{"count":2,"href":"https:\/\/agropat.cl\/en\/wp-json\/wp\/v2\/pages\/269\/revisions"}],"predecessor-version":[{"id":274,"href":"https:\/\/agropat.cl\/en\/wp-json\/wp\/v2\/pages\/269\/revisions\/274"}],"wp:attachment":[{"href":"https:\/\/agropat.cl\/en\/wp-json\/wp\/v2\/media?parent=269"}],"curies":[{"name":"wp","href":"https:\/\/api.w.org\/{rel}","templated":true}]}}