{"id":235,"date":"2022-10-18T23:32:27","date_gmt":"2022-10-19T02:32:27","guid":{"rendered":"http:\/\/34.205.247.19\/?page_id=235"},"modified":"2022-10-23T23:40:40","modified_gmt":"2022-10-24T02:40:40","slug":"lana","status":"publish","type":"page","link":"https:\/\/agropat.cl\/en\/lana\/","title":{"rendered":"Wool"},"content":{"rendered":"<div data-colibri-id=\"235-c1\" class=\"style-466 style-local-235-c1 position-relative\">\n  <!---->\n  <div data-colibri-component=\"section\" data-colibri-id=\"235-c2\" id=\"about\" class=\"h-section h-section-global-spacing d-flex align-items-lg-center align-items-md-center align-items-center style-586 style-local-235-c2 position-relative\">\n    <!---->\n    <!---->\n    <div class=\"h-section-grid-container h-section-boxed-container\">\n      <!---->\n      <div data-colibri-id=\"235-c3\" class=\"h-row-container gutters-row-lg-0 gutters-row-md-0 gutters-row-0 gutters-row-v-lg-0 gutters-row-v-md-0 gutters-row-v-0 style-587 style-local-235-c3 position-relative\">\n        <!---->\n        <div class=\"h-row justify-content-lg-center justify-content-md-center justify-content-center align-items-lg-stretch align-items-md-stretch align-items-stretch gutters-col-lg-0 gutters-col-md-0 gutters-col-0 gutters-col-v-lg-0 gutters-col-v-md-0 gutters-col-v-0\">\n          <!---->\n          <div class=\"h-column h-column-container d-flex h-col-lg-auto h-col-md-auto h-col-auto style-588-outer style-local-235-c4-outer\">\n            <div data-colibri-id=\"235-c4\" class=\"d-flex h-flex-basis h-column__inner h-px-lg-0 h-px-md-0 h-px-0 v-inner-lg-0 v-inner-md-0 v-inner-0 style-588 style-local-235-c4 position-relative\">\n              <!---->\n              <!---->\n              <div class=\"w-100 h-y-container h-column__content h-column__v-align flex-basis-100 align-self-lg-start align-self-md-start align-self-start\">\n                <!---->\n                <div data-colibri-id=\"235-c5\" class=\"h-global-transition-all h-heading style-590 style-local-235-c5 position-relative h-element\">\n                  <!---->\n                  <div class=\"h-heading__outer style-590 style-local-235-c5\">\n                    <!---->\n                    <!---->\n                    <h1 class=\"\">Wool properties<\/h1>\n                  <\/div>\n                <\/div>\n                <div data-colibri-id=\"235-c6\" class=\"h-text h-text-component style-591 style-local-235-c6 position-relative h-element\">\n                  <!---->\n                  <!---->\n                  <div class=\"\">\n                    <p>The dry climate, the almost non-existence of vegetable matter and the characteristics of the soil, give Magellanic wool a unique whiteness in the world. Wool ranging from 17 to 31 microns is exported from the southernmost region of the world.<\/p>\n                    <p>The main strength of Magellan wool is its sanitary condition, as it comes from animals raised using extensive farming methods, in a cold climate, and in a geographically isolated area, which allows it to be free of common diseases. The climatic characteristics allow a whiter color than that achieved in temperate climates and the short grasses provide minimal vegetable matter in the fleeces; characteristics that are valued positively by the industry that uses the product, since it allows you to achieve light color dyeing.<\/p>\n                    <p>Magellanic wool is a natural, renewable, non-polluting and biodegradable fiber.<\/p>\n                    <p>\n                      <br>\n                    <\/p>\n                  <\/div>\n                <\/div>\n              <\/div>\n            <\/div>\n          <\/div>\n          <div class=\"h-column h-column-container d-flex h-col-lg-auto h-col-md-auto h-col-auto style-592-outer style-local-235-c7-outer\">\n            <div data-colibri-id=\"235-c7\" class=\"d-flex h-flex-basis h-column__inner h-ui-empty-state-container h-px-lg-2 h-px-md-2 h-px-2 v-inner-lg-2 v-inner-md-2 v-inner-2 style-592 style-local-235-c7 position-relative\">\n              <!---->\n              <!---->\n              <div class=\"w-100 h-y-container h-column__content h-column__v-align flex-basis-100\">\n                <!---->\n              <\/div>\n            <\/div>\n          <\/div>\n        <\/div>\n      <\/div>\n    <\/div>\n  <\/div>\n  <div data-colibri-component=\"section\" data-colibri-id=\"235-c8\" id=\"custom-2\" class=\"h-section h-section-global-spacing d-flex align-items-lg-center align-items-md-center align-items-center style-526 style-local-235-c8 position-relative\">\n    <!---->\n    <!---->\n    <div class=\"h-section-grid-container h-section-boxed-container\">\n      <!---->\n      <div data-colibri-id=\"235-c9\" class=\"h-row-container gutters-row-lg-2 gutters-row-md-2 gutters-row-0 gutters-row-v-lg-2 gutters-row-v-md-2 gutters-row-v-2 style-527 style-local-235-c9 position-relative\">\n        <!---->\n        <div class=\"h-row justify-content-lg-center justify-content-md-center justify-content-center align-items-lg-stretch align-items-md-stretch align-items-stretch gutters-col-lg-2 gutters-col-md-2 gutters-col-0 gutters-col-v-lg-2 gutters-col-v-md-2 gutters-col-v-2\">\n          <!---->\n          <div class=\"h-column h-column-container d-flex h-col-lg-auto h-col-md-auto h-col-auto style-528-outer style-local-235-c10-outer\">\n            <div data-colibri-id=\"235-c10\" class=\"d-flex h-flex-basis h-column__inner h-px-lg-2 h-px-md-2 h-px-2 v-inner-lg-2 v-inner-md-2 v-inner-2 style-528 style-local-235-c10 position-relative\">\n              <!---->\n              <!---->\n              <div class=\"w-100 h-y-container h-column__content h-column__v-align flex-basis-100 align-self-lg-start align-self-md-start align-self-start\">\n                <!---->\n                <div data-colibri-id=\"235-c11\" class=\"h-global-transition-all h-heading style-529 style-local-235-c11 position-relative h-element\">\n                  <!---->\n                  <div class=\"h-heading__outer style-529 style-local-235-c11\">\n                    <!---->\n                    <!---->\n                    <h1 class=\"\">Main features<\/h1>\n                  <\/div>\n                <\/div>\n              <\/div>\n            <\/div>\n          <\/div>\n        <\/div>\n      <\/div>\n      <div data-colibri-id=\"235-c12\" class=\"h-row-container gutters-row-lg-2 gutters-row-md-2 gutters-row-0 gutters-row-v-lg-2 gutters-row-v-md-2 gutters-row-v-2 style-530 style-local-235-c12 position-relative\">\n        <!---->\n        <div class=\"h-row justify-content-lg-center justify-content-md-center justify-content-center align-items-lg-stretch align-items-md-stretch align-items-stretch gutters-col-lg-2 gutters-col-md-2 gutters-col-0 gutters-col-v-lg-2 gutters-col-v-md-2 gutters-col-v-2\">\n          <!---->\n          <div class=\"h-column h-column-container d-flex h-col-lg-auto h-col-md-auto h-col-auto style-531-outer style-local-235-c13-outer\">\n            <div data-colibri-id=\"235-c13\" class=\"d-flex h-flex-basis h-column__inner h-px-lg-2 h-px-md-2 h-px-2 v-inner-lg-2 v-inner-md-2 v-inner-2 style-531 style-local-235-c13 position-relative\">\n              <!---->\n              <!---->\n              <div class=\"w-100 h-y-container h-column__content h-column__v-align flex-basis-100 align-self-lg-start align-self-md-start align-self-start\">\n                <!---->\n                <div data-colibri-id=\"235-c14\" class=\"h-text h-text-component style-532 style-local-235-c14 position-relative h-element\">\n                  <!---->\n                  <!---->\n                  <div class=\"\">\n                    <ul>\n                      <li>It is very versatile, since it is used to make fabrics, felts, rugs, technical and sporting goods, among others.<\/li>\n                      <li>It is insulating against temperatures and noise.<\/li>\n                      <li>It is water repellent and fire resistant.<\/li>\n                      <li>Prevents the conduction of static electricity.<\/li>\n                      <li>It is easy to dye.<\/li>\n                      <li>It is resistant to dirt, does not attract dust.<\/li>\n                      <li>It is comfortable, its elasticity provides great capacity for movement and is capable of absorbing moisture from the body.<\/li>\n                      <li>It is extremely durable and resistant to friction, so it maintains its appearance for a long time.<\/li>\n                    <\/ul>\n                    <p>\n                      <br>\n                    <\/p>\n                  <\/div>\n                <\/div>\n              <\/div>\n            <\/div>\n          <\/div>\n        <\/div>\n      <\/div>\n    <\/div>\n  <\/div>\n  <div data-colibri-component=\"section\" data-colibri-id=\"235-c15\" id=\"custom-3\" class=\"h-section h-section-global-spacing d-flex align-items-lg-center align-items-md-center align-items-center style-533 style-local-235-c15 position-relative\">\n    <!---->\n    <!---->\n    <div class=\"h-section-grid-container h-section-boxed-container\">\n      <!---->\n      <div data-colibri-id=\"235-c16\" class=\"h-row-container gutters-row-lg-2 gutters-row-md-2 gutters-row-0 gutters-row-v-lg-2 gutters-row-v-md-2 gutters-row-v-2 style-534 style-local-235-c16 position-relative\">\n        <!---->\n        <div class=\"h-row justify-content-lg-center justify-content-md-center justify-content-center align-items-lg-stretch align-items-md-stretch align-items-stretch gutters-col-lg-2 gutters-col-md-2 gutters-col-0 gutters-col-v-lg-2 gutters-col-v-md-2 gutters-col-v-2\">\n          <!---->\n          <div class=\"h-column h-column-container d-flex h-col-lg-auto h-col-md-auto h-col-auto style-535-outer style-local-235-c17-outer\">\n            <div data-colibri-id=\"235-c17\" class=\"d-flex h-flex-basis h-column__inner h-px-lg-2 h-px-md-2 h-px-2 v-inner-lg-2 v-inner-md-2 v-inner-2 style-535 style-local-235-c17 position-relative\">\n              <!---->\n              <!---->\n              <div class=\"w-100 h-y-container h-column__content h-column__v-align flex-basis-100 align-self-lg-start align-self-md-start align-self-start\">\n                <!---->\n                <div data-colibri-id=\"235-c18\" class=\"h-global-transition-all h-heading style-536 style-local-235-c18 position-relative h-element\">\n                  <!---->\n                  <div class=\"h-heading__outer style-536 style-local-235-c18\">\n                    <!---->\n                    <!---->\n                    <h1 class=\"\">Main Factors Affecting Quality<\/h1>\n                  <\/div>\n                <\/div>\n                <div data-colibri-id=\"235-c19\" class=\"h-text h-text-component style-537 style-local-235-c19 position-relative h-element\">\n                  <!---->\n                  <!---->\n                  <div class=\"\">\n                    <ul>\n                      <li>Atypical fineness<\/li>\n                      <li>Abnormal length<\/li>\n                      <li>Brittle wool<\/li>\n                      <li>Presence of felted wool<\/li>\n                      <li>Presence of colored fibers<\/li>\n                    <\/ul>\n                  <\/div>\n                <\/div>\n              <\/div>\n            <\/div>\n          <\/div>\n        <\/div>\n      <\/div>\n    <\/div>\n  <\/div>\n<\/div>","protected":false},"excerpt":{"rendered":"<p>Propiedades de la lana El clima seco, la casi inexistencia de materia vegetal y las caracter\u00edsticas de los suelos, dan a la lana magall\u00e1nica una blancura \u00fanica en el mundo. Desde la regi\u00f3n m\u00e1s austral del mundo se exporta lana que va desde las 17 a 31 micras. La fortaleza principal de las lanas magall\u00e1nicas [&hellip;]<\/p>","protected":false},"author":1,"featured_media":0,"parent":0,"menu_order":0,"comment_status":"closed","ping_status":"closed","template":"page-templates\/full-width-page.php","meta":{"footnotes":""},"class_list":["post-235","page","type-page","status-publish","hentry"],"_links":{"self":[{"href":"https:\/\/agropat.cl\/en\/wp-json\/wp\/v2\/pages\/235","targetHints":{"allow":["GET"]}}],"collection":[{"href":"https:\/\/agropat.cl\/en\/wp-json\/wp\/v2\/pages"}],"about":[{"href":"https:\/\/agropat.cl\/en\/wp-json\/wp\/v2\/types\/page"}],"author":[{"embeddable":true,"href":"https:\/\/agropat.cl\/en\/wp-json\/wp\/v2\/users\/1"}],"replies":[{"embeddable":true,"href":"https:\/\/agropat.cl\/en\/wp-json\/wp\/v2\/comments?post=235"}],"version-history":[{"count":6,"href":"https:\/\/agropat.cl\/en\/wp-json\/wp\/v2\/pages\/235\/revisions"}],"predecessor-version":[{"id":591,"href":"https:\/\/agropat.cl\/en\/wp-json\/wp\/v2\/pages\/235\/revisions\/591"}],"wp:attachment":[{"href":"https:\/\/agropat.cl\/en\/wp-json\/wp\/v2\/media?parent=235"}],"curies":[{"name":"wp","href":"https:\/\/api.w.org\/{rel}","templated":true}]}}