{"id":215,"date":"2022-10-18T23:16:10","date_gmt":"2022-10-19T02:16:10","guid":{"rendered":"http:\/\/34.205.247.19\/?page_id=215"},"modified":"2022-10-19T00:59:03","modified_gmt":"2022-10-19T03:59:03","slug":"quienes-somos","status":"publish","type":"page","link":"https:\/\/agropat.cl\/en\/quienes-somos\/","title":{"rendered":"About us"},"content":{"rendered":"<div data-colibri-id=\"215-c1\" class=\"style-417 style-local-215-c1 position-relative\">\n  <!---->\n  <div data-colibri-component=\"section\" data-colibri-id=\"215-c6\" id=\"about\" class=\"h-section h-section-global-spacing d-flex align-items-lg-center align-items-md-center align-items-center style-593 style-local-215-c6 position-relative\">\n    <!---->\n    <!---->\n    <div class=\"h-section-grid-container h-section-boxed-container\">\n      <!---->\n      <div data-colibri-id=\"215-c7\" class=\"h-row-container gutters-row-lg-0 gutters-row-md-0 gutters-row-0 gutters-row-v-lg-0 gutters-row-v-md-0 gutters-row-v-0 style-594 style-local-215-c7 position-relative\">\n        <!---->\n        <div class=\"h-row justify-content-lg-center justify-content-md-center justify-content-center align-items-lg-stretch align-items-md-stretch align-items-stretch gutters-col-lg-0 gutters-col-md-0 gutters-col-0 gutters-col-v-lg-0 gutters-col-v-md-0 gutters-col-v-0\">\n          <!---->\n          <div class=\"h-column h-column-container d-flex h-col-lg-auto h-col-md-auto h-col-auto style-595-outer style-local-215-c8-outer\">\n            <div data-colibri-id=\"215-c8\" class=\"d-flex h-flex-basis h-column__inner h-px-lg-0 h-px-md-0 h-px-0 v-inner-lg-0 v-inner-md-0 v-inner-0 style-595 style-local-215-c8 position-relative\">\n              <!---->\n              <!---->\n              <div class=\"w-100 h-y-container h-column__content h-column__v-align flex-basis-100 align-self-lg-start align-self-md-start align-self-start\">\n                <!---->\n                <div data-colibri-id=\"215-c9\" class=\"h-global-transition-all h-heading style-596 style-local-215-c9 position-relative h-element\">\n                  <!---->\n                  <div class=\"h-heading__outer style-596 style-local-215-c9\">\n                    <!---->\n                    <!---->\n                    <h5 class=\"\">Agroindustrial Patagonia<\/h5>\n                  <\/div>\n                <\/div>\n                <div data-colibri-id=\"215-c10\" class=\"h-global-transition-all h-heading style-597 style-local-215-c10 position-relative h-element\">\n                  <!---->\n                  <div class=\"h-heading__outer style-597 style-local-215-c10\">\n                    <!---->\n                    <!---->\n                    <h2 class=\"\">About us<\/h2>\n                  <\/div>\n                <\/div>\n                <div data-colibri-id=\"215-c11\" class=\"h-text h-text-component style-598 style-local-215-c11 position-relative h-element\">\n                  <!---->\n                  <!---->\n                  <div class=\"\">\n                    <p>Agroindustrial Patagonia Limitada (AGROPAT) is owned by the Cavada family, who have been linked to livestock development since the early 1900s. It is a trading company founded in 2006 with the aim of generating alternatives for the wool market in Patagonia.<\/p>\n                    <p> <\/p>\n                    <p>AGROPAT has been working with cattle farmers in Chilean Patagonia for more than 15 years, encouraging the development of the local market and the quality of wool production for export, which has allowed it to position itself in the main international markets and, at the same time, maintain commitment to local producers.<\/p>\n                    <p> <\/p>\n                    <p>The extensive steppe of Chilean Patagonia shelters the main sheep population in the country and from here, AGROPAT exports sheep wool to the main international markets.<\/p>\n                  <\/div>\n                <\/div>\n              <\/div>\n            <\/div>\n          <\/div>\n          <div class=\"h-column h-column-container d-flex h-col-lg-auto h-col-md-auto h-col-auto style-599-outer style-local-215-c12-outer\">\n            <div data-colibri-id=\"215-c12\" class=\"d-flex h-flex-basis h-column__inner h-ui-empty-state-container h-px-lg-2 h-px-md-2 h-px-2 v-inner-lg-2 v-inner-md-2 v-inner-2 style-599 style-local-215-c12 position-relative\">\n              <!---->\n              <!---->\n              <div class=\"w-100 h-y-container h-column__content h-column__v-align flex-basis-100\">\n                <!---->\n              <\/div>\n            <\/div>\n          <\/div>\n        <\/div>\n      <\/div>\n    <\/div>\n  <\/div>\n<\/div>","protected":false},"excerpt":{"rendered":"<p>Agroindustrial Patagonia Qui\u00e9nes somos Agroindustrial Patagonia Limitada (AGROPAT) es propiedad de la familia Cavada, quienes&nbsp;cuentan con vinculaci\u00f3n al desarrollo ganadero desde principios de 1900. Es una empresa comercializadora fundada en el a\u00f1o 2006 con el objetivo de generar alternativas para el mercado lanero en la Patagonia. AGROPAT lleva m\u00e1s de 15 a\u00f1os trabajando con los [&hellip;]<\/p>","protected":false},"author":1,"featured_media":0,"parent":0,"menu_order":0,"comment_status":"closed","ping_status":"closed","template":"page-templates\/full-width-page.php","meta":{"footnotes":""},"class_list":["post-215","page","type-page","status-publish","hentry"],"_links":{"self":[{"href":"https:\/\/agropat.cl\/en\/wp-json\/wp\/v2\/pages\/215","targetHints":{"allow":["GET"]}}],"collection":[{"href":"https:\/\/agropat.cl\/en\/wp-json\/wp\/v2\/pages"}],"about":[{"href":"https:\/\/agropat.cl\/en\/wp-json\/wp\/v2\/types\/page"}],"author":[{"embeddable":true,"href":"https:\/\/agropat.cl\/en\/wp-json\/wp\/v2\/users\/1"}],"replies":[{"embeddable":true,"href":"https:\/\/agropat.cl\/en\/wp-json\/wp\/v2\/comments?post=215"}],"version-history":[{"count":6,"href":"https:\/\/agropat.cl\/en\/wp-json\/wp\/v2\/pages\/215\/revisions"}],"predecessor-version":[{"id":307,"href":"https:\/\/agropat.cl\/en\/wp-json\/wp\/v2\/pages\/215\/revisions\/307"}],"wp:attachment":[{"href":"https:\/\/agropat.cl\/en\/wp-json\/wp\/v2\/media?parent=215"}],"curies":[{"name":"wp","href":"https:\/\/api.w.org\/{rel}","templated":true}]}}